{"id":100,"date":"2014-09-02T18:57:13","date_gmt":"2014-09-02T18:57:13","guid":{"rendered":"http:\/\/globopak.com\/?page_id=100"},"modified":"2014-09-14T11:53:50","modified_gmt":"2014-09-14T11:53:50","slug":"lppackaging","status":"publish","type":"page","link":"http:\/\/globopak.com\/?page_id=100","title":{"rendered":"LPpackaging"},"content":{"rendered":"<p>LPpackaging , poznata italijanska kompanija, osnovana je 1985 god. kao podr\u0161ka poznatim proizvodja\u010dima linija za pakovanje, proizvode\u0107i termoskupljaju\u0107e tunele, sti\u010du\u0107i tako neophodno iskustvo tokom godina. Dugogodi\u0161njim razvojem novog koncepta termoskupljaju\u0107ih ma\u0161ina zauzeli su va\u017eno mesto na svetskom tr\u017ei\u017etu.LPpackaging trenutno proizvodi \u0161iroku paletu ma\u0161ina za termoskupljanje, kao i ma\u0161ina za kartoniranje i vertikalne ma\u0161ine za zbirno pakovanje.<\/p>\n<p>SFE model ma\u0161ina za termoskupljanje odlikuje:<\/p>\n<ul>\n<li>Visoka preciznost visokih tehnolo\u0161kih zahteva<\/li>\n<li>Kompaktan oblik malih dimenzija<\/li>\n<li>Visok kapaitet i preciznost u radu<\/li>\n<li>Jednostavno odr\u017eavanje sa sistemom sopstvenog \u010di\u0161\u0107enja<\/li>\n<li>Tunel za termoskupljanje sa specijalnom termo izolacijom i sistemom o\u010duvanja energije i odr\u017eanjem oklopa ma\u0161ine hladnim<\/li>\n<\/ul>\n<p>Ma\u0161ine za termoskupljanje sa vi\u0161e ulaznih linija za proizvod i sekundarno pakovanje omogu\u0107uju.<\/p>\n<ul>\n<li>Visoki kapaitet proizvodnje<\/li>\n<li>Formiranje razli\u010ditih oblika kartona zbirnog pakovanja- CAT verzija za okrugli oblik proizvoda odlikuje se ulaznim kai\u0161evima ssa oscilatorom<\/li>\n<li>CAT verzija za okrugli oblik proizvoda odlikuje se ulaznim kai\u0161evima ssa oscilatorom<\/li>\n<li>CAR verzija za kvadratne i pravougaone proizvode odlikuje se kai\u0161evima opremljene dirvertorom.<\/li>\n<\/ul>\n<p>Op\u0161irnije na\u00a0<a title=\"LpPackaging\" href=\"http:\/\/www.lp-packaging.it\/en\/index.php\" target=\"_blank\">www.lp-packaging.it<\/a><\/p>\n<p><a href=\"http:\/\/www.globopak.com\/\/wp-content\/uploads\/2014\/09\/lp1.png\"><img decoding=\"async\" loading=\"lazy\" class=\"alignnone wp-image-96 size-medium\" src=\"http:\/\/www.globopak.com\/\/wp-content\/uploads\/2014\/09\/lp1-300x267.png\" alt=\"lp1\" width=\"300\" height=\"267\" srcset=\"http:\/\/globopak.com\/wp-content\/uploads\/2014\/09\/lp1-300x267.png 300w, http:\/\/globopak.com\/wp-content\/uploads\/2014\/09\/lp1.png 322w\" sizes=\"(max-width: 300px) 100vw, 300px\" \/><\/a> <a href=\"http:\/\/www.globopak.com\/\/wp-content\/uploads\/2014\/09\/lp2.png\"><img decoding=\"async\" loading=\"lazy\" class=\"alignnone wp-image-97 size-medium\" src=\"http:\/\/www.globopak.com\/\/wp-content\/uploads\/2014\/09\/lp2-300x165.png\" alt=\"lp2\" width=\"300\" height=\"165\" srcset=\"http:\/\/globopak.com\/wp-content\/uploads\/2014\/09\/lp2-300x165.png 300w, http:\/\/globopak.com\/wp-content\/uploads\/2014\/09\/lp2.png 526w\" sizes=\"(max-width: 300px) 100vw, 300px\" \/><\/a><\/p>\n","protected":false},"excerpt":{"rendered":"<p>LPpackaging , poznata italijanska kompanija, osnovana je 1985 god. kao podr\u0161ka poznatim proizvodja\u010dima linija za pakovanje, proizvode\u0107i termoskupljaju\u0107e tunele, sti\u010du\u0107i tako neophodno iskustvo tokom godina. Dugogodi\u0161njim razvojem novog koncepta termoskupljaju\u0107ih ma\u0161ina zauzeli su va\u017eno mesto na svetskom tr\u017ei\u017etu.LPpackaging trenutno proizvodi \u0161iroku paletu ma\u0161ina za termoskupljanje, kao i ma\u0161ina za kartoniranje i vertikalne ma\u0161ine za zbirno [&hellip;]<\/p>\n","protected":false},"author":1,"featured_media":0,"parent":9,"menu_order":0,"comment_status":"open","ping_status":"open","template":"","meta":[],"_links":{"self":[{"href":"http:\/\/globopak.com\/index.php?rest_route=\/wp\/v2\/pages\/100"}],"collection":[{"href":"http:\/\/globopak.com\/index.php?rest_route=\/wp\/v2\/pages"}],"about":[{"href":"http:\/\/globopak.com\/index.php?rest_route=\/wp\/v2\/types\/page"}],"author":[{"embeddable":true,"href":"http:\/\/globopak.com\/index.php?rest_route=\/wp\/v2\/users\/1"}],"replies":[{"embeddable":true,"href":"http:\/\/globopak.com\/index.php?rest_route=%2Fwp%2Fv2%2Fcomments&post=100"}],"version-history":[{"count":6,"href":"http:\/\/globopak.com\/index.php?rest_route=\/wp\/v2\/pages\/100\/revisions"}],"predecessor-version":[{"id":185,"href":"http:\/\/globopak.com\/index.php?rest_route=\/wp\/v2\/pages\/100\/revisions\/185"}],"up":[{"embeddable":true,"href":"http:\/\/globopak.com\/index.php?rest_route=\/wp\/v2\/pages\/9"}],"wp:attachment":[{"href":"http:\/\/globopak.com\/index.php?rest_route=%2Fwp%2Fv2%2Fmedia&parent=100"}],"curies":[{"name":"wp","href":"https:\/\/api.w.org\/{rel}","templated":true}]}}