{"id":106,"date":"2014-09-02T18:57:56","date_gmt":"2014-09-02T18:57:56","guid":{"rendered":"http:\/\/globopak.com\/?page_id=106"},"modified":"2014-09-14T11:55:23","modified_gmt":"2014-09-14T11:55:23","slug":"sleevit","status":"publish","type":"page","link":"http:\/\/globopak.com\/?page_id=106","title":{"rendered":"Sleevit"},"content":{"rendered":"<p>SLEEVIT SYSTEM je poznata engleska kompanija koja je specijalizovana za pakovanje vi\u0161e od 35 god i 1996 god. po\u010dinje da se bavi \u201cShrink Sleeving\u201d tehnologijom. SLEEVIT SYSTEM je lider u razvoju i proizvodnji aplikatora, unapredjenih tunela skupljanje folije i tehnologije transporta proizvoda. SLEEVIT SYSTEM je predstavljen i podr\u017ean globalno \u0161irokom mre\u017eom agenata koji obezbedjuju servisnu podr\u0161ku \u0161irom sveta.<\/p>\n<p>SLEEVIT PALETA PONUDE ZA SLIVIRANJE I SKUPLANJE FOLIJE OD 100 DO 400 PROIZVODA PO MINUTI.<\/p>\n<p>Proizvodja\u010di i velikog i malog kapaciteta sada mogu sebi da priu\u0161te kako najmoderniji tako i najfleksibilniji na\u010din dekorativnog obele\u017eavanja proizvoda \u2013 Sleeve Labelling. Sleevit je razvio seriju ma\u0161ina \u010dija se brzina kre\u0107e od 50 do 400 sliviranih proizvoda po minuti. Sva oprema poseduje najnovije kontrolne sisteme i jednostavno se prelazi sa jedne veli\u010dine proizvda na drugu. Tehnologija skupljanja nanete folije bez deformisanja dekoracije je komplementarna ovim ma\u0161inama za sliviranje i \u0161iroka ponuda ShrinkMaster tunela toplog vazduha i parnih tunela sa vrlo preciznom kontrolom, omogu\u0107avaju da se bez problema vr\u0161i skupljanje sliva na staklenoj,metalnoj i plasti\u010dnoj ambala\u017ei.<\/p>\n<p>sleevit Machine<br \/>\nSLEEVIT PROIZVODI &#8211; NAJ\u0160IRA PONUDA MA\u0160INA ZA NANO\u0160ENJE TAMPER EVIDENT SLIVA U SVETU<\/p>\n<p>Boce, tegle, buteljke, farmaceutske bo\u010dice, \u0161priceve,kvadratne i okrugle cevi, \u010dak i gasni cilindri mogu biti slivirani pomo\u0107u ove jedinstvene porodice ma\u0161ina, pri brzini do 400 proizvoda po minuti. Stotine dosada\u0161njih instalacij i mre\u017ea Sleevit-ovih distributera koji pru\u017eaju svu neophodnu tehni\u010dku podr\u0161ku, su garancija kvaliteta. Sleevit linije za sliviranje, pored konvejera, tunela za skupljanje, linijske kontrole, u mogu\u0107mosti je isporu\u010diti i svu dodatnu opremu koja obezbedjuje da proces sliviranja proizvoda bude \u0161to jednostavniji za primenu. Op\u0161irnije na\u00a0<a title=\"Sleevit\" href=\"http:\/\/www.sleevit.com\/\" target=\"_blank\">www.sleevit.com<\/a><\/p>\n<p><a href=\"http:\/\/www.globopak.com\/\/wp-content\/uploads\/2014\/09\/sleevit2.jpg\"><img decoding=\"async\" loading=\"lazy\" class=\"alignnone wp-image-95 size-medium\" src=\"http:\/\/www.globopak.com\/\/wp-content\/uploads\/2014\/09\/sleevit2-300x222.jpg\" alt=\"sleevit2\" width=\"300\" height=\"222\" srcset=\"http:\/\/globopak.com\/wp-content\/uploads\/2014\/09\/sleevit2-300x222.jpg 300w, http:\/\/globopak.com\/wp-content\/uploads\/2014\/09\/sleevit2.jpg 465w\" sizes=\"(max-width: 300px) 100vw, 300px\" \/><\/a> <a href=\"http:\/\/www.globopak.com\/\/wp-content\/uploads\/2014\/09\/sleevit1.jpg\"><img decoding=\"async\" loading=\"lazy\" class=\"alignnone wp-image-94 size-medium\" src=\"http:\/\/www.globopak.com\/\/wp-content\/uploads\/2014\/09\/sleevit1-300x216.jpg\" alt=\"sleevit1\" width=\"300\" height=\"216\" srcset=\"http:\/\/globopak.com\/wp-content\/uploads\/2014\/09\/sleevit1-300x216.jpg 300w, http:\/\/globopak.com\/wp-content\/uploads\/2014\/09\/sleevit1.jpg 480w\" sizes=\"(max-width: 300px) 100vw, 300px\" \/><\/a><\/p>\n","protected":false},"excerpt":{"rendered":"<p>SLEEVIT SYSTEM je poznata engleska kompanija koja je specijalizovana za pakovanje vi\u0161e od 35 god i 1996 god. po\u010dinje da se bavi \u201cShrink Sleeving\u201d tehnologijom. SLEEVIT SYSTEM je lider u razvoju i proizvodnji aplikatora, unapredjenih tunela skupljanje folije i tehnologije transporta proizvoda. SLEEVIT SYSTEM je predstavljen i podr\u017ean globalno \u0161irokom mre\u017eom agenata koji obezbedjuju servisnu [&hellip;]<\/p>\n","protected":false},"author":1,"featured_media":0,"parent":9,"menu_order":0,"comment_status":"open","ping_status":"open","template":"","meta":[],"_links":{"self":[{"href":"http:\/\/globopak.com\/index.php?rest_route=\/wp\/v2\/pages\/106"}],"collection":[{"href":"http:\/\/globopak.com\/index.php?rest_route=\/wp\/v2\/pages"}],"about":[{"href":"http:\/\/globopak.com\/index.php?rest_route=\/wp\/v2\/types\/page"}],"author":[{"embeddable":true,"href":"http:\/\/globopak.com\/index.php?rest_route=\/wp\/v2\/users\/1"}],"replies":[{"embeddable":true,"href":"http:\/\/globopak.com\/index.php?rest_route=%2Fwp%2Fv2%2Fcomments&post=106"}],"version-history":[{"count":4,"href":"http:\/\/globopak.com\/index.php?rest_route=\/wp\/v2\/pages\/106\/revisions"}],"predecessor-version":[{"id":187,"href":"http:\/\/globopak.com\/index.php?rest_route=\/wp\/v2\/pages\/106\/revisions\/187"}],"up":[{"embeddable":true,"href":"http:\/\/globopak.com\/index.php?rest_route=\/wp\/v2\/pages\/9"}],"wp:attachment":[{"href":"http:\/\/globopak.com\/index.php?rest_route=%2Fwp%2Fv2%2Fmedia&parent=106"}],"curies":[{"name":"wp","href":"https:\/\/api.w.org\/{rel}","templated":true}]}}