{"id":260,"date":"2014-10-30T19:21:49","date_gmt":"2014-10-30T19:21:49","guid":{"rendered":"http:\/\/globopak.com\/?page_id=260"},"modified":"2014-10-30T19:21:49","modified_gmt":"2014-10-30T19:21:49","slug":"labelpack","status":"publish","type":"page","link":"http:\/\/globopak.com\/?page_id=260","title":{"rendered":"Labelpack"},"content":{"rendered":"<p style=\"text-align: left;\">Labelpack , poznata italijanska kompanija, osnovana 1992 god. da bi zadovoljila svoje korisnike sa specijalnim ma\u0161inama za etiketiranje i obele\u017eavanje. Stalnim razvojem, ova kompanija je uspela zadovoljiti najkomplikovanije zahteve korisnika, koriste\u0107i najsavremenije tehnologije. Labelpack je trenutno prisutna u svim sverama industrije, a posebno u farmaceutskoj, kozmeti\u010dkoj I prehrambenoj industriji. Labelpack mo\u017ee ponuditi proizvode od najednostavnijih glava za etiketiranje do specijalnih sistema sa etiketiranjem I obele\u017eavanjem.<\/p>\n<p style=\"text-align: left;\">\n<p style=\"text-align: left;\">LABELX su nove glave za etiketiranje, mehani\u010dki izdr\u017eljive sa najsavremenijim elektronskim komponentama, pobedni\u010dkog dizajna I jednostavne za rukovanje I odr\u017eavanje. Sa standardnim nosa\u010dima mogu\u0107e ih je ugraditi u sve nove I postoje\u0107e sisteme. LABELX \u2013 polu- automatske ma\u0161ine, dizajniranje su za nano\u0161enje samolepljivih etiketa na proizvode svih oblika a naj\u010de\u0161\u0107e na cilindri\u010dne boce. Sistemi za etiketiranje su ma\u0161ine specijalizovane za razli\u010ditu primenu za nano\u0161enje samolepljivih etiketa na razli\u010dite proizvode u automatskom re\u017eimu. Sistemi tipa MODULAR prestavljaju modele savremene tehnologije ,<\/p>\n<p style=\"text-align: left;\">specijalnog izgleda I u mogu\u0107nosti su zadovoljiti sve zahteve tr\u017ei\u0161ta danas. Print&amp;Apply su uredjaji namenjeni \u0161tampanju potrebnih informacija na samolepljive etikete I zatim njihovo nano\u0161enje na proizvode. Naj\u010de\u0161\u0107e se koriste na zavr\u0161etku proizvodnih linija na transportnim pakovanjima. Op\u0161irnije pro\u010ditajte na stranici\u00a0<a href=\"http:\/\/www.labelpack.it\/\">www.labelpack.it<\/a><\/p>\n<p style=\"text-align: left;\">\n<p><a href=\"http:\/\/globopak.com\/wp-content\/uploads\/2014\/10\/Screenshot_1.jpg\"><img decoding=\"async\" loading=\"lazy\" class=\"alignnone size-medium wp-image-261\" src=\"http:\/\/globopak.com\/wp-content\/uploads\/2014\/10\/Screenshot_1-300x256.jpg\" alt=\"Screenshot_1\" width=\"300\" height=\"256\" srcset=\"http:\/\/globopak.com\/wp-content\/uploads\/2014\/10\/Screenshot_1-300x256.jpg 300w, http:\/\/globopak.com\/wp-content\/uploads\/2014\/10\/Screenshot_1.jpg 371w\" sizes=\"(max-width: 300px) 100vw, 300px\" \/><\/a><a href=\"http:\/\/globopak.com\/wp-content\/uploads\/2014\/09\/PAKPROMET-LABELX-140-EW1.jpg\"><img decoding=\"async\" loading=\"lazy\" class=\"alignnone size-medium wp-image-232\" src=\"http:\/\/globopak.com\/wp-content\/uploads\/2014\/09\/PAKPROMET-LABELX-140-EW1-300x290.jpg\" alt=\"PAKPROMET- LABELX 140 EW1\" width=\"300\" height=\"290\" srcset=\"http:\/\/globopak.com\/wp-content\/uploads\/2014\/09\/PAKPROMET-LABELX-140-EW1-300x290.jpg 300w, http:\/\/globopak.com\/wp-content\/uploads\/2014\/09\/PAKPROMET-LABELX-140-EW1-1024x991.jpg 1024w, http:\/\/globopak.com\/wp-content\/uploads\/2014\/09\/PAKPROMET-LABELX-140-EW1.jpg 1163w\" sizes=\"(max-width: 300px) 100vw, 300px\" \/><\/a><\/p>\n","protected":false},"excerpt":{"rendered":"<p>Labelpack , poznata italijanska kompanija, osnovana 1992 god. da bi zadovoljila svoje korisnike sa specijalnim ma\u0161inama za etiketiranje i obele\u017eavanje. Stalnim razvojem, ova kompanija je uspela zadovoljiti najkomplikovanije zahteve korisnika, koriste\u0107i najsavremenije tehnologije. Labelpack je trenutno prisutna u svim sverama industrije, a posebno u farmaceutskoj, kozmeti\u010dkoj I prehrambenoj industriji. Labelpack mo\u017ee ponuditi proizvode od najednostavnijih [&hellip;]<\/p>\n","protected":false},"author":1,"featured_media":0,"parent":9,"menu_order":0,"comment_status":"closed","ping_status":"open","template":"","meta":[],"_links":{"self":[{"href":"http:\/\/globopak.com\/index.php?rest_route=\/wp\/v2\/pages\/260"}],"collection":[{"href":"http:\/\/globopak.com\/index.php?rest_route=\/wp\/v2\/pages"}],"about":[{"href":"http:\/\/globopak.com\/index.php?rest_route=\/wp\/v2\/types\/page"}],"author":[{"embeddable":true,"href":"http:\/\/globopak.com\/index.php?rest_route=\/wp\/v2\/users\/1"}],"replies":[{"embeddable":true,"href":"http:\/\/globopak.com\/index.php?rest_route=%2Fwp%2Fv2%2Fcomments&post=260"}],"version-history":[{"count":2,"href":"http:\/\/globopak.com\/index.php?rest_route=\/wp\/v2\/pages\/260\/revisions"}],"predecessor-version":[{"id":263,"href":"http:\/\/globopak.com\/index.php?rest_route=\/wp\/v2\/pages\/260\/revisions\/263"}],"up":[{"embeddable":true,"href":"http:\/\/globopak.com\/index.php?rest_route=\/wp\/v2\/pages\/9"}],"wp:attachment":[{"href":"http:\/\/globopak.com\/index.php?rest_route=%2Fwp%2Fv2%2Fmedia&parent=260"}],"curies":[{"name":"wp","href":"https:\/\/api.w.org\/{rel}","templated":true}]}}