{"id":7,"date":"2014-08-30T17:59:13","date_gmt":"2014-08-30T17:59:13","guid":{"rendered":"http:\/\/globopak.com\/?page_id=7"},"modified":"2014-09-28T16:08:16","modified_gmt":"2014-09-28T16:08:16","slug":"o-nama","status":"publish","type":"page","link":"http:\/\/globopak.com\/?page_id=7","title":{"rendered":"O nama"},"content":{"rendered":"<h3>Globo Pak<\/h3>\n<p>Osnovan po\u010detkom novog milenijuma, GLOBO PAK je na\u0161ao svoje mesto u oblasti pakovanja na ovim prostorima. GLOBO PAK je kompanija gde mo\u017eete prona\u0107i idealna re\u0161enja u oblasti punjenja i pakovanja. Vlasnik kompanije radio je u industriji pakovanja preko 15 godina. On poznaje ovu oblast veoma dobro, ima mnogo iskustva i dugi niz godina je sara\u0111ivao sa mnogim poznatim proizvo\u0111acima opreme. Ponu\u0111ene ma\u0161ine su ve\u0107inom proizvedene izvan Srbije, od strane na\u0161ih partnera iz susednih Evropskih zemalja.<\/p>\n<p style=\"color: #555555;\">Novi milenijum je uspostavio nove na\u010dine kupovine i navike kupaca.Fleksibilno pakovanje se menjalo u zadnjih nekoliko godina na na\u010din da danas izvedeno pakovanje mora da bude sa jednostavnim re\u0161enjima i funkcionalnom dobiti, koji ce uspostaviti razliku izme\u0111u dobro izvedenog i ostalih na\u010dina pakovanja.<\/p>\n<ul class=\"list_bullet\" style=\"color: #555555;\">\n<li class=\"flow\">Vrhunski kvalitet<\/li>\n<li class=\"flow\">Po\u0161tovanje rokova<\/li>\n<li class=\"flow\">Fleksibilno pakovanje<\/li>\n<li class=\"flow\">Jednostavnost<\/li>\n<li class=\"flow\">Funkcionalnost<\/li>\n<\/ul>\n<div id=\"templatemo_wrapper\" style=\"color: #555555;\">\n<div class=\"half left\">\n<p>Nove metode pakovanja se konstantno razvijaju i obezbe\u0111uju vi\u0161e atraktivnih pakovanja, onoliko dobro koliko se produ\u017eava za\u0161ti\u0107enost i trajanje proizvoda.Mi u Globo pak-u igramo aktivnu ulogu u pronala\u017eenju i realizaciji novih inovacija u pakovanju, a sve u cilju zadovoljenja zahteva na\u0161ih kupaca.<\/p>\n<ul class=\"list_bullet\">\n<li class=\"flow\">Najnovije metode pakovanja<\/li>\n<li class=\"flow\">Inovacije<\/li>\n<li class=\"flow\">Odr\u017eavanje<\/li>\n<li class=\"flow\">Garancija<\/li>\n<li class=\"flow\">Du\u017ee trajanje i za\u0161ti\u0107enost proizvoda<\/li>\n<\/ul>\n<\/div>\n<\/div>\n","protected":false},"excerpt":{"rendered":"<p>Globo Pak Osnovan po\u010detkom novog milenijuma, GLOBO PAK je na\u0161ao svoje mesto u oblasti pakovanja na ovim prostorima. GLOBO PAK je kompanija gde mo\u017eete prona\u0107i idealna re\u0161enja u oblasti punjenja i pakovanja. Vlasnik kompanije radio je u industriji pakovanja preko 15 godina. On poznaje ovu oblast veoma dobro, ima mnogo iskustva i dugi niz godina [&hellip;]<\/p>\n","protected":false},"author":1,"featured_media":0,"parent":0,"menu_order":0,"comment_status":"open","ping_status":"open","template":"","meta":[],"_links":{"self":[{"href":"http:\/\/globopak.com\/index.php?rest_route=\/wp\/v2\/pages\/7"}],"collection":[{"href":"http:\/\/globopak.com\/index.php?rest_route=\/wp\/v2\/pages"}],"about":[{"href":"http:\/\/globopak.com\/index.php?rest_route=\/wp\/v2\/types\/page"}],"author":[{"embeddable":true,"href":"http:\/\/globopak.com\/index.php?rest_route=\/wp\/v2\/users\/1"}],"replies":[{"embeddable":true,"href":"http:\/\/globopak.com\/index.php?rest_route=%2Fwp%2Fv2%2Fcomments&post=7"}],"version-history":[{"count":16,"href":"http:\/\/globopak.com\/index.php?rest_route=\/wp\/v2\/pages\/7\/revisions"}],"predecessor-version":[{"id":239,"href":"http:\/\/globopak.com\/index.php?rest_route=\/wp\/v2\/pages\/7\/revisions\/239"}],"wp:attachment":[{"href":"http:\/\/globopak.com\/index.php?rest_route=%2Fwp%2Fv2%2Fmedia&parent=7"}],"curies":[{"name":"wp","href":"https:\/\/api.w.org\/{rel}","templated":true}]}}