{"id":76,"date":"2014-09-02T18:13:54","date_gmt":"2014-09-02T18:13:54","guid":{"rendered":"http:\/\/globopak.com\/?page_id=76"},"modified":"2014-09-14T11:50:12","modified_gmt":"2014-09-14T11:50:12","slug":"axtomatic","status":"publish","type":"page","link":"http:\/\/globopak.com\/?page_id=76","title":{"rendered":"Axtomatic"},"content":{"rendered":"<p>AXOMATIC sRl veliki italijanski proizvodjac ma\u0161ina sa vi\u0161e od 20 godina iskustva, radeci u vi\u0161e od 40 zemalja, ukazao je poverenje GLOBO PAK-u, za distribuciju svojih proizvoda na tr\u017ei\u0161tu Srbije i zemalja biv\u0161e Jugoslavije.<\/p>\n<p>AXOMATIC sRl proizvodi vi\u0161e vrsta opreme:<br \/>\nVakuumski mikseri i homogenizatori od 5 \u2013 4000 lit.<br \/>\nMa\u0161ine za punjenje i zatvaranje tuba kapaciteta 1600 \u2013 21000 tuba na sat.<br \/>\nHorizontalne ma\u0161ine za kutije max. do 100 kom u min.<br \/>\naxomatic Machine<br \/>\naxomatic Machine<br \/>\nAXOMATIC sRl se specijalizovao u konstruisanju i proizvodnji kompletnih linija za punjenje i zatvaranje tuba. Kompatabilnost AXOMATIC sRl sa ostalom opremom u procesu proizvodnje omogucava brzo i jednostavno povezivanje ovih ma\u0161ina u velike proizvodne linije.<\/p>\n<p>AXOMATIC sRl ma\u0161ine su konstruisane za jednostavno ci\u0161cenje, brzu izmenjivost formata i prilagodjene za sve vrste laminatnih, plasticnih i aluminijumskih tuba. Podesivi sistem za kretanje tuba, izbor nacina doziranja i tehnicki naprednan sistemi za zatvaranje, mogu podr\u017eati veliki raspon velicina tube i proizvoda.<\/p>\n<p>AXOMATIC sRl je jedna od retkih kompanija koje samostalno proizvodi sve mehanicke komponente ma\u0161ina, \u0161to omogucuje potpunu kontrolu njihovog kvaliteta i tacnosti. Vi\u0161e informacija o proizvodima ove kompanije mo\u017eete potra\u017eiti na internet stranici <a title=\"Axtomatic\" href=\"http:\/\/www.axomatic.com\/\" target=\"_blank\">www.axomatic.com<\/a><\/p>\n<p>&nbsp;<\/p>\n<p><a href=\"http:\/\/www.globopak.com\/\/wp-content\/uploads\/2014\/09\/axomaticLinija.jpg\"><img decoding=\"async\" loading=\"lazy\" class=\"alignnone size-full wp-image-80\" src=\"http:\/\/www.globopak.com\/\/wp-content\/uploads\/2014\/09\/axomaticLinija.jpg\" alt=\"axomaticLinija\" width=\"400\" height=\"221\" srcset=\"http:\/\/globopak.com\/wp-content\/uploads\/2014\/09\/axomaticLinija.jpg 400w, http:\/\/globopak.com\/wp-content\/uploads\/2014\/09\/axomaticLinija-300x165.jpg 300w\" sizes=\"(max-width: 400px) 100vw, 400px\" \/><\/a> <a href=\"http:\/\/www.globopak.com\/\/wp-content\/uploads\/2014\/09\/axo.jpg\"><img decoding=\"async\" loading=\"lazy\" class=\"alignnone size-full wp-image-79\" src=\"http:\/\/www.globopak.com\/\/wp-content\/uploads\/2014\/09\/axo.jpg\" alt=\"axo\" width=\"200\" height=\"232\" \/><\/a><\/p>\n","protected":false},"excerpt":{"rendered":"<p>AXOMATIC sRl veliki italijanski proizvodjac ma\u0161ina sa vi\u0161e od 20 godina iskustva, radeci u vi\u0161e od 40 zemalja, ukazao je poverenje GLOBO PAK-u, za distribuciju svojih proizvoda na tr\u017ei\u0161tu Srbije i zemalja biv\u0161e Jugoslavije. AXOMATIC sRl proizvodi vi\u0161e vrsta opreme: Vakuumski mikseri i homogenizatori od 5 \u2013 4000 lit. Ma\u0161ine za punjenje i zatvaranje tuba [&hellip;]<\/p>\n","protected":false},"author":1,"featured_media":0,"parent":9,"menu_order":0,"comment_status":"open","ping_status":"open","template":"","meta":[],"_links":{"self":[{"href":"http:\/\/globopak.com\/index.php?rest_route=\/wp\/v2\/pages\/76"}],"collection":[{"href":"http:\/\/globopak.com\/index.php?rest_route=\/wp\/v2\/pages"}],"about":[{"href":"http:\/\/globopak.com\/index.php?rest_route=\/wp\/v2\/types\/page"}],"author":[{"embeddable":true,"href":"http:\/\/globopak.com\/index.php?rest_route=\/wp\/v2\/users\/1"}],"replies":[{"embeddable":true,"href":"http:\/\/globopak.com\/index.php?rest_route=%2Fwp%2Fv2%2Fcomments&post=76"}],"version-history":[{"count":4,"href":"http:\/\/globopak.com\/index.php?rest_route=\/wp\/v2\/pages\/76\/revisions"}],"predecessor-version":[{"id":181,"href":"http:\/\/globopak.com\/index.php?rest_route=\/wp\/v2\/pages\/76\/revisions\/181"}],"up":[{"embeddable":true,"href":"http:\/\/globopak.com\/index.php?rest_route=\/wp\/v2\/pages\/9"}],"wp:attachment":[{"href":"http:\/\/globopak.com\/index.php?rest_route=%2Fwp%2Fv2%2Fmedia&parent=76"}],"curies":[{"name":"wp","href":"https:\/\/api.w.org\/{rel}","templated":true}]}}