{"id":98,"date":"2014-09-02T18:56:49","date_gmt":"2014-09-02T18:56:49","guid":{"rendered":"http:\/\/globopak.com\/?page_id=98"},"modified":"2014-09-14T11:56:07","modified_gmt":"2014-09-14T11:56:07","slug":"v2-engineering","status":"publish","type":"page","link":"http:\/\/globopak.com\/?page_id=98","title":{"rendered":"V2 Engineering"},"content":{"rendered":"<p>V2 Engineering kao jedan od veoma poznatih italijanskih proizvodjaca ma\u0161ina i opreme iz sveta pakovanja prona\u0161ao je, takodje, u nama kvalitetnog i pouzdanog partnera i distributera svoje opreme na ovom tr\u017ei\u0161tu.<\/p>\n<p>V2 Engineering je kompanija specijalizovana za proizvodnju ma\u0161ina za pojedinacno pakovanje u kutije (cartooning machine), kao i zbirno pakovanje proizvoda u velike kartonske kutije (case packer). Pored toga veliki su proizvodjaci ma\u0161ina za obmotavanje pojedinacnih kutija folijom (wrapping machine).<\/p>\n<p>HORIZONTALNE MA\u0160INE za kutije (horizontal cartoning machine) sa posebnim ergonomskim \u2018&#8217;balcony&#8221; dizajnom, mogu se takodje ponuditi sa koracnim i kontinualnim radom. Posebno zahtevani sistemi za ulaganje proizvoda su sastavni deo \u0161irokog spektra dodatih opcija ma\u0161ine.<br \/>\nVERTIKALNE MA\u0160INE za pojedinacna pakovanja (vertical cartoning machine) su visoko osposobljene za potrebe pravovremene proizvodnje. Dostupne su obe vrste ma\u0161ina sa naizmenicnim i kontinualnim pogonom, rucnim i automatskim ulaganjem proizvoda.<br \/>\nAutomatske ma\u0161ine za zbirno pakovanje (case packer) konstruisane su prema standardima farmaceutske, kozmeticke i prehrambene industrije. One objedinjuju veliki broj jedinstvenih osobina koje obezbedjuju potpunu saglasnost sa GMP, FDA i HACCP standardima i zakonima o za\u0161titi zdravlja.<\/p>\n<p>Ma\u0161ine za obmotavanje pravougaonih kutija (wrapping machine) su potpuno automatizovane, koristeci termolepljive materijale u foliji kao PVC, celofan, PP&#8230; Zahvaljujuci njihovim kompaktnim dimenzijama, ergonomskim oblikom, one su idealne za kozmeticku, farmaceutsku i prehrambenu industriju. Zamena formata je brza i funkcionalna, a mo\u017ee biti veoma jednostavna, zahvaljujuci digitalnoj tehnologiji.<br \/>\nZahvaljujuci ogromnom iskustvu tehnickog odeljenja, V2 Engineering uspeva da ispuni skoro sve zahteve klijenata, bilo da se radi o pojedinacnoj ma\u0161ini ili kompletnoj proizvodnoj liniji. Dodatne informacije o proizvodnom programu ove kompanije mo\u017eete pronaci i na internet stranici <a title=\"V2engineering\" href=\"http:\/\/www.v2engineering.com\" target=\"_blank\">www.v2engineering.com<\/a><\/p>\n<p><a href=\"http:\/\/www.globopak.com\/\/wp-content\/uploads\/2014\/09\/v106.gif\"><img decoding=\"async\" loading=\"lazy\" class=\"alignnone size-full wp-image-81\" src=\"http:\/\/www.globopak.com\/\/wp-content\/uploads\/2014\/09\/v106.gif\" alt=\"v106\" width=\"350\" height=\"256\" \/><\/a> <a href=\"http:\/\/www.globopak.com\/\/wp-content\/uploads\/2014\/09\/vertipack.gif\"><img decoding=\"async\" loading=\"lazy\" class=\"alignnone size-full wp-image-82\" src=\"http:\/\/www.globopak.com\/\/wp-content\/uploads\/2014\/09\/vertipack.gif\" alt=\"vertipack\" width=\"350\" height=\"254\" \/><\/a><\/p>\n","protected":false},"excerpt":{"rendered":"<p>V2 Engineering kao jedan od veoma poznatih italijanskih proizvodjaca ma\u0161ina i opreme iz sveta pakovanja prona\u0161ao je, takodje, u nama kvalitetnog i pouzdanog partnera i distributera svoje opreme na ovom tr\u017ei\u0161tu. V2 Engineering je kompanija specijalizovana za proizvodnju ma\u0161ina za pojedinacno pakovanje u kutije (cartooning machine), kao i zbirno pakovanje proizvoda u velike kartonske kutije [&hellip;]<\/p>\n","protected":false},"author":1,"featured_media":0,"parent":9,"menu_order":0,"comment_status":"open","ping_status":"open","template":"","meta":[],"_links":{"self":[{"href":"http:\/\/globopak.com\/index.php?rest_route=\/wp\/v2\/pages\/98"}],"collection":[{"href":"http:\/\/globopak.com\/index.php?rest_route=\/wp\/v2\/pages"}],"about":[{"href":"http:\/\/globopak.com\/index.php?rest_route=\/wp\/v2\/types\/page"}],"author":[{"embeddable":true,"href":"http:\/\/globopak.com\/index.php?rest_route=\/wp\/v2\/users\/1"}],"replies":[{"embeddable":true,"href":"http:\/\/globopak.com\/index.php?rest_route=%2Fwp%2Fv2%2Fcomments&post=98"}],"version-history":[{"count":4,"href":"http:\/\/globopak.com\/index.php?rest_route=\/wp\/v2\/pages\/98\/revisions"}],"predecessor-version":[{"id":188,"href":"http:\/\/globopak.com\/index.php?rest_route=\/wp\/v2\/pages\/98\/revisions\/188"}],"up":[{"embeddable":true,"href":"http:\/\/globopak.com\/index.php?rest_route=\/wp\/v2\/pages\/9"}],"wp:attachment":[{"href":"http:\/\/globopak.com\/index.php?rest_route=%2Fwp%2Fv2%2Fmedia&parent=98"}],"curies":[{"name":"wp","href":"https:\/\/api.w.org\/{rel}","templated":true}]}}